{"id":841,"date":"2017-11-28T20:33:33","date_gmt":"2017-11-28T19:33:33","guid":{"rendered":"https:\/\/www.doppelboden.com\/products\/doppelboden-zubehoer\/"},"modified":"2026-03-05T11:36:29","modified_gmt":"2026-03-05T10:36:29","slug":"raised-floor-accessories","status":"publish","type":"page","link":"https:\/\/www.doppelboden.com\/en\/products\/raised-floor-accessories\/","title":{"rendered":"RAISED FLOOR ACCESSORIES"},"content":{"rendered":"<p>[et_pb_section bb_built=&#8221;1&#8243; next_background_color=&#8221;#000000&#8243; _builder_version=&#8221;3.0.105&#8243;][et_pb_row][et_pb_column type=&#8221;4_4&#8243;][et_pb_post_title _builder_version=&#8221;3.0.89&#8243; title=&#8221;on&#8221; meta=&#8221;off&#8221; author=&#8221;on&#8221; date=&#8221;on&#8221; categories=&#8221;on&#8221; comments=&#8221;on&#8221; featured_image=&#8221;off&#8221; featured_placement=&#8221;below&#8221; text_color=&#8221;dark&#8221; text_background=&#8221;off&#8221; \/][\/et_pb_column][\/et_pb_row][et_pb_row _builder_version=&#8221;3.0.91&#8243; custom_margin=&#8221;||0px|&#8221; custom_padding=&#8221;||0px|&#8221;][et_pb_column type=&#8221;4_4&#8243;][et_pb_text admin_label=&#8221;Tabelle&#8221; _builder_version=&#8221;3.2.1&#8243;]<\/p>\n<table>\n<tbody>\n<tr>\n<td>Ventilation panels with swirl diffusers<\/td>\n<td>Cool air from under the raised floor enters the room via swirl diffusers to regulate the ambient temperature in the room. Drafts are avoided thanks to the swirling movement of the air at the outlet.<\/p>\n<p>Also available as perforated row ventilation plates or steel ventilation plates with flow control.<\/td>\n<\/tr>\n<tr>\n<td>Ventilation panels<\/td>\n<td>Full-steel ventilation panels, 600 x 600 mm, air flow of 15%, 24% or 38% (incl. flow control).<\/td>\n<\/tr>\n<tr>\n<td>Suction lifters<\/td>\n<td>Suction lifters to lift floor panels (with wall mounting or\u00a0 storage container).<\/td>\n<\/tr>\n<tr>\n<td>Panel attachment<\/td>\n<td>Panels screwed to substructure from underneath. Screwing the panels from above is not necessary.<\/p>\n<p>Some panels are provided with quick release for easy access.<\/td>\n<\/tr>\n<tr>\n<td>Stairs<\/td>\n<td>Any number of steps, made of the selected panel material, with aluminium fascia top trim.<\/td>\n<\/tr>\n<tr>\n<td>Railings<\/td>\n<td>Railing made of galvanised square tube 40 x 40 x 2 mm, with 2 knee rails<\/td>\n<\/tr>\n<tr>\n<td>Cavity barriers<\/td>\n<td>Vertical barrier for raised floor in specified height, made of selected panel material.<\/td>\n<\/tr>\n<tr>\n<td>Blanking panel<\/td>\n<td>To close the gap between switchboard base frames and standard raised floor panels.<\/td>\n<\/tr>\n<tr>\n<td>Skirting<\/td>\n<td>PVC core skirting (60 x 10 mm).<\/td>\n<\/tr>\n<tr>\n<td>Subfloor sealant<\/td>\n<td>Single component \u2013 resin-based emulsion paint floor sealant.<\/td>\n<\/tr>\n<tr>\n<td>Swirl diffusers<\/td>\n<td>Swirl diffuser diameter 150 or 200 mm\u00a0, incl. dirt trap and adjustment ring, flow rate approx. 50 m<sup>3<\/sup> \/ h.<\/td>\n<\/tr>\n<tr>\n<td>Service outlets<\/td>\n<td>Ackermann service outlets, without equipment, incl. panel cut-out and covered hinged lid<\/td>\n<\/tr>\n<tr>\n<td>Transformers rails<\/td>\n<td>Transformer rails comprising two square tubes 40x40x2 mm, incl. raised edges made of flat steel 40&#215;5 \u00a0mm, galvanised (only compatible with Kalthoff-System K1060PB)<\/p>\n<p>Transformer weight max. 2.5 T<\/td>\n<\/tr>\n<tr>\n<td>Fire resistance F30-AB<\/td>\n<td>Upgrading of the aforementioned raised floor to fire resistance class F30-AB in the area of escape routes. Upgraded substructure and panels made of reinforced mineral fibre (A2), non-combustible.<\/td>\n<\/tr>\n<tr>\n<td>Temporary floor panels<\/td>\n<td>Installation of temporary floor panels (28 mm\u00a0) during electrical installation and removal at a later date, incl. disposal and replacement with the original panels.<\/td>\n<\/tr>\n<tr>\n<td>Hardboard floor panels<\/td>\n<td>Hardboard 3.0 mm to protect the panels during construction. Boards laid on butt joints and fixed with adhesive tape. Disassembly and disposal on site.<\/td>\n<\/tr>\n<\/tbody>\n<\/table>\n<p>[\/et_pb_text][\/et_pb_column][\/et_pb_row][\/et_pb_section][et_pb_section bb_built=&#8221;1&#8243; fullwidth=&#8221;off&#8221; specialty=&#8221;off&#8221; prev_background_color=&#8221;#000000&#8243; next_background_color=&#8221;#eeeeee&#8221; _builder_version=&#8221;3.0.105&#8243; disabled=&#8221;on&#8221; disabled_on=&#8221;on|on|on&#8221;][et_pb_row _builder_version=&#8221;3.0.105&#8243; custom_margin=&#8221;||0px|&#8221; custom_padding=&#8221;||0px|&#8221;][et_pb_column type=&#8221;4_4&#8243;][et_pb_text admin_label=&#8221;L\u00fcftungsplatte&#8221; _builder_version=&#8221;3.0.91&#8243; background_layout=&#8221;light&#8221;]<\/p>\n<h3>L\u00fcftungsplatte<\/h3>\n<p>[\/et_pb_text][\/et_pb_column][\/et_pb_row][et_pb_row _builder_version=&#8221;3.0.105&#8243; custom_margin=&#8221;||0px|&#8221; custom_padding=&#8221;||0px|&#8221;][et_pb_column type=&#8221;4_4&#8243;][et_pb_text admin_label=&#8221;L\u00fcftungsplatte&#8221; _builder_version=&#8221;3.0.91&#8243; background_layout=&#8221;light&#8221;]<\/p>\n<p>Eingef\u00fchrte K\u00fchlluft aus dem Zwischenboden tritt \u00fcber die Drallausl\u00e4sse (1a + 1b) zur Klimatisierung in den Raum. Durch die Verwirbelung der Luft beim Austritt wird Zugluft vermieden.<\/p>\n<p>[\/et_pb_text][\/et_pb_column][\/et_pb_row][et_pb_row _builder_version=&#8221;3.0.91&#8243; custom_margin=&#8221;0px||0px|&#8221; custom_padding=&#8221;0px||0px|&#8221;][et_pb_column type=&#8221;1_4&#8243;][et_pb_image _builder_version=&#8221;3.0.91&#8243; src=&#8221;https:\/\/www.doppelboden.com\/wp-content\/uploads\/2017\/12\/1a.gif&#8221; show_in_lightbox=&#8221;off&#8221; url_new_window=&#8221;off&#8221; use_overlay=&#8221;off&#8221; always_center_on_mobile=&#8221;on&#8221; force_fullwidth=&#8221;off&#8221; show_bottom_space=&#8221;on&#8221; \/][\/et_pb_column][et_pb_column type=&#8221;1_4&#8243;][et_pb_image _builder_version=&#8221;3.0.91&#8243; src=&#8221;https:\/\/www.doppelboden.com\/wp-content\/uploads\/2017\/12\/zub_drallauslass.gif&#8221; show_in_lightbox=&#8221;off&#8221; url_new_window=&#8221;off&#8221; use_overlay=&#8221;off&#8221; always_center_on_mobile=&#8221;on&#8221; force_fullwidth=&#8221;off&#8221; show_bottom_space=&#8221;on&#8221; \/][\/et_pb_column][et_pb_column type=&#8221;1_4&#8243;][et_pb_image _builder_version=&#8221;3.0.91&#8243; src=&#8221;https:\/\/www.doppelboden.com\/wp-content\/uploads\/2017\/12\/zub_lochreihenlueftungsplatten.gif&#8221; show_in_lightbox=&#8221;off&#8221; url_new_window=&#8221;off&#8221; use_overlay=&#8221;off&#8221; always_center_on_mobile=&#8221;on&#8221; force_fullwidth=&#8221;off&#8221; show_bottom_space=&#8221;on&#8221; \/][\/et_pb_column][et_pb_column type=&#8221;1_4&#8243;][\/et_pb_column][\/et_pb_row][et_pb_row _builder_version=&#8221;3.0.91&#8243;][et_pb_column type=&#8221;4_4&#8243;][et_pb_text _builder_version=&#8221;3.0.91&#8243; background_layout=&#8221;light&#8221;]<\/p>\n<p>Alternative Ausf\u00fchrung: Lochreihenl\u00fcftungsplatte, Stahll\u00fcftungsplatte mit Mengenregulierung (2).<\/p>\n<p>[\/et_pb_text][\/et_pb_column][\/et_pb_row][\/et_pb_section][et_pb_section bb_built=&#8221;1&#8243; fullwidth=&#8221;off&#8221; specialty=&#8221;off&#8221; _builder_version=&#8221;3.0.106&#8243; background_color=&#8221;#eeeeee&#8221; module_class=&#8221;product_field_all&#8221; prev_background_color=&#8221;#ffffff&#8221; next_background_color=&#8221;#d02e1d&#8221;][et_pb_row][et_pb_column type=&#8221;4_4&#8243;][et_pb_code admin_label=&#8221;Shortcode: Alle Produkte&#8221; _builder_version=&#8221;3.0.106&#8243; saved_tabs=&#8221;all&#8221; global_module=&#8221;685&#8243;]<div class=\"produkte_alle_kacheln\"><div class=\"et_pb_row et_pb_gutters2\"><div class=\"et_pb_column et_pb_column_1_5 blurb_id_828\"><div class=\"et_pb_blurb_content\"><a href=\"https:\/\/www.doppelboden.com\/en\/products\/system-k-1060-pb\/\" class=\"fulllink\"><div class=\"et_pb_main_blurb_image\"><div class=\"et_pb_image_wrap\"><img loading=\"lazy\" decoding=\"async\" width=\"400\" height=\"407\" src=\"https:\/\/www.doppelboden.com\/wp-content\/uploads\/2018\/03\/K1060_small.png\" class=\"attachment-small size-small wp-post-image\" alt=\"\" srcset=\"https:\/\/www.doppelboden.com\/wp-content\/uploads\/2018\/03\/K1060_small.png 400w, https:\/\/www.doppelboden.com\/wp-content\/uploads\/2018\/03\/K1060_small-295x300.png 295w\" sizes=\"(max-width: 400px) 100vw, 400px\" \/><\/div><\/div><div class=\"et_pb_blurb_container\"><h4 class=\"et_pb_module_header\">SYSTEM K 1060 PB<\/h4><\/div><\/a><\/div><\/div><div class=\"et_pb_column et_pb_column_1_5 blurb_id_832\"><div class=\"et_pb_blurb_content\"><a href=\"https:\/\/www.doppelboden.com\/en\/products\/system-k-3025-sb\/\" class=\"fulllink\"><div class=\"et_pb_main_blurb_image\"><div class=\"et_pb_image_wrap\"><img loading=\"lazy\" decoding=\"async\" width=\"400\" height=\"407\" src=\"https:\/\/www.doppelboden.com\/wp-content\/uploads\/2018\/03\/K3025_small.png\" class=\"attachment-small size-small wp-post-image\" alt=\"\" srcset=\"https:\/\/www.doppelboden.com\/wp-content\/uploads\/2018\/03\/K3025_small.png 400w, https:\/\/www.doppelboden.com\/wp-content\/uploads\/2018\/03\/K3025_small-295x300.png 295w\" sizes=\"(max-width: 400px) 100vw, 400px\" \/><\/div><\/div><div class=\"et_pb_blurb_container\"><h4 class=\"et_pb_module_header\">SYSTEM K 3025 SB<\/h4><\/div><\/a><\/div><\/div><div class=\"et_pb_column et_pb_column_1_5 blurb_id_836\"><div class=\"et_pb_blurb_content\"><a href=\"https:\/\/www.doppelboden.com\/en\/products\/floor-panels\/\" class=\"fulllink\"><div class=\"et_pb_main_blurb_image\"><div class=\"et_pb_image_wrap\"><img loading=\"lazy\" decoding=\"async\" width=\"500\" height=\"455\" src=\"https:\/\/www.doppelboden.com\/wp-content\/uploads\/2018\/02\/abdeckplatten.png\" class=\"attachment-small size-small wp-post-image\" alt=\"\" srcset=\"https:\/\/www.doppelboden.com\/wp-content\/uploads\/2018\/02\/abdeckplatten.png 500w, https:\/\/www.doppelboden.com\/wp-content\/uploads\/2018\/02\/abdeckplatten-300x273.png 300w\" sizes=\"(max-width: 500px) 100vw, 500px\" \/><\/div><\/div><div class=\"et_pb_blurb_container\"><h4 class=\"et_pb_module_header\">KALTHOFF \u2013 FLOOR PANELS<\/h4><\/div><\/a><\/div><\/div><div class=\"et_pb_column et_pb_column_1_5 blurb_id_841\"><div class=\"et_pb_blurb_content\"><a href=\"https:\/\/www.doppelboden.com\/en\/products\/raised-floor-accessories\/\" class=\"fulllink\"><div class=\"et_pb_main_blurb_image\"><div class=\"et_pb_image_wrap\"><img loading=\"lazy\" decoding=\"async\" width=\"303\" height=\"500\" src=\"https:\/\/www.doppelboden.com\/wp-content\/uploads\/2018\/02\/heber_fr_v.png\" class=\"attachment-small size-small wp-post-image\" alt=\"\" srcset=\"https:\/\/www.doppelboden.com\/wp-content\/uploads\/2018\/02\/heber_fr_v.png 303w, https:\/\/www.doppelboden.com\/wp-content\/uploads\/2018\/02\/heber_fr_v-182x300.png 182w\" sizes=\"(max-width: 303px) 100vw, 303px\" \/><\/div><\/div><div class=\"et_pb_blurb_container\"><h4 class=\"et_pb_module_header\">RAISED FLOOR ACCESSORIES<\/h4><\/div><\/a><\/div><\/div><div class=\"et_pb_column et_pb_column_1_5 blurb_id_845\"><div class=\"et_pb_blurb_content\"><a href=\"https:\/\/www.doppelboden.com\/en\/products\/jackscrews\/\" class=\"fulllink\"><div class=\"et_pb_main_blurb_image\"><div class=\"et_pb_image_wrap\"><img loading=\"lazy\" decoding=\"async\" width=\"444\" height=\"385\" src=\"https:\/\/www.doppelboden.com\/wp-content\/uploads\/2018\/03\/nivellierspindel.png\" class=\"attachment-small size-small wp-post-image\" alt=\"\" srcset=\"https:\/\/www.doppelboden.com\/wp-content\/uploads\/2018\/03\/nivellierspindel.png 444w, https:\/\/www.doppelboden.com\/wp-content\/uploads\/2018\/03\/nivellierspindel-300x260.png 300w\" sizes=\"(max-width: 444px) 100vw, 444px\" \/><\/div><\/div><div class=\"et_pb_blurb_container\"><h4 class=\"et_pb_module_header\">JACKSCREWS<\/h4><\/div><\/a><\/div><\/div><\/div><\/div>[\/et_pb_code][\/et_pb_column][\/et_pb_row][\/et_pb_section][et_pb_section bb_built=&#8221;1&#8243; _builder_version=&#8221;3.0.63&#8243; background_color=&#8221;#d02e1d&#8221; module_id=&#8221;stoerer&#8221; module_class=&#8221;no-padding&#8221; prev_background_color=&#8221;#eeeeee&#8221; next_background_color=&#8221;#212121&#8243;][et_pb_row _builder_version=&#8221;3.0.63&#8243; background_position_1=&#8221;top_left&#8221; background_repeat_1=&#8221;no-repeat&#8221; custom_padding=&#8221;40px||40px|&#8221;][et_pb_column type=&#8221;4_4&#8243;][et_pb_text admin_label=&#8221;St\u00f6rer&#8221; _builder_version=&#8221;3.2.1&#8243; module_alignment=&#8221;left&#8221;]<\/p>\n<p>DO YOU HAVE ANY QUESTIONS ABOUT OUR ACCESSORIES, OR WOULD YOU LIKE US TO SEND YOU SOME PICTURES?<br \/>\n<a href=\"https:\/\/www.doppelboden.com\/en\/contact\/\">CONTACT US TODAY<\/a><\/p>\n<p>[\/et_pb_text][\/et_pb_column][\/et_pb_row][\/et_pb_section][et_pb_section bb_built=&#8221;1&#8243; fullwidth=&#8221;off&#8221; specialty=&#8221;off&#8221; _builder_version=&#8221;3.0.76&#8243; background_color=&#8221;#212121&#8243; module_id=&#8221;footer&#8221; prev_background_color=&#8221;#d02e1d&#8221;][et_pb_row background_position=&#8221;top_left&#8221; background_repeat=&#8221;repeat&#8221; background_size=&#8221;initial&#8221;][et_pb_column type=&#8221;1_4&#8243;][et_pb_text _builder_version=&#8221;3.2.1&#8243; module_alignment=&#8221;left&#8221;]<\/p>\n<h5>Imprint<\/h5>\n<p>[\/et_pb_text][et_pb_text _builder_version=&#8221;3.0.89&#8243; background_layout=&#8221;light&#8221; border_style=&#8221;solid&#8221; module_alignment=&#8221;left&#8221;]<\/p>\n<p>Kalthoff GmbH<br \/>\nDickenbruchstra\u00dfe 39<br \/>\nD-58135 Hagen<\/p>\n<p>[\/et_pb_text][\/et_pb_column][et_pb_column type=&#8221;1_4&#8243;][et_pb_text _builder_version=&#8221;3.2.1&#8243; module_alignment=&#8221;left&#8221;]<\/p>\n<h5>Contact<\/h5>\n<p>[\/et_pb_text][et_pb_text _builder_version=&#8221;3.0.86&#8243; background_layout=&#8221;light&#8221; module_alignment=&#8221;left&#8221;]<\/p>\n<p>tel <a class=\"call\" href=\"tel:+49233194820\">+49-(0)2331-9482-0<\/a><br \/>\nfax +49-(0)2331-9482-10<\/p>\n<p>[\/et_pb_text][et_pb_sidebar _builder_version=&#8221;3.0.86&#8243; area=&#8221;et_pb_widget_area_1&#8243; orientation=&#8221;left&#8221; show_border=&#8221;on&#8221; background_layout=&#8221;light&#8221; \/][\/et_pb_column][et_pb_column type=&#8221;1_2&#8243;][et_pb_text admin_label=&#8221;R\u00fcckruf anfordern&#8221; _builder_version=&#8221;3.2.1&#8243; module_alignment=&#8221;left&#8221;]<\/p>\n<h5>Request a Callback<\/h5>\n<p>[\/et_pb_text][et_pb_code admin_label=&#8221;R\u00fcckruf Formular&#8221; _builder_version=&#8221;3.2.1&#8243;]\n<div class=\"wpcf7 no-js\" id=\"wpcf7-f857-o1\" lang=\"de-DE\" dir=\"ltr\" data-wpcf7-id=\"857\">\n<div class=\"screen-reader-response\"><p role=\"status\" aria-live=\"polite\" aria-atomic=\"true\"><\/p> <ul><\/ul><\/div>\n<form action=\"\/en\/wp-json\/wp\/v2\/pages\/841#wpcf7-f857-o1\" method=\"post\" class=\"wpcf7-form init\" aria-label=\"Kontaktformular\" novalidate=\"novalidate\" data-status=\"init\">\n<fieldset class=\"hidden-fields-container\"><input type=\"hidden\" name=\"_wpcf7\" value=\"857\" \/><input type=\"hidden\" name=\"_wpcf7_version\" value=\"6.1.5\" \/><input type=\"hidden\" name=\"_wpcf7_locale\" value=\"de_DE\" \/><input type=\"hidden\" name=\"_wpcf7_unit_tag\" value=\"wpcf7-f857-o1\" \/><input type=\"hidden\" name=\"_wpcf7_container_post\" value=\"0\" \/><input type=\"hidden\" name=\"_wpcf7_posted_data_hash\" value=\"\" \/><input type=\"hidden\" name=\"_wpcf7_recaptcha_response\" value=\"\" \/>\n<\/fieldset>\n<div class=\"et_pb_section\">\n<div class=\"et_pb_row\">\n<div class=\"et_pb_column et_pb_column_4_4\">\n<span class=\"wpcf7-form-control-wrap\" data-name=\"c_tel\"><input size=\"40\" maxlength=\"400\" class=\"wpcf7-form-control wpcf7-text wpcf7-validates-as-required\" aria-required=\"true\" aria-invalid=\"false\" placeholder=\"Your callback number\" value=\"\" type=\"text\" name=\"c_tel\" \/><\/span>\n<input class=\"wpcf7-form-control wpcf7-submit has-spinner\" type=\"submit\" value=\"\u00bb\" \/>\n<\/div>\n<\/div>\n<\/div><div class=\"wpcf7-response-output\" aria-hidden=\"true\"><\/div>\n<\/form>\n<\/div>\n[\/et_pb_code][\/et_pb_column][\/et_pb_row][\/et_pb_section]<\/p>\n","protected":false},"excerpt":{"rendered":"<p>Treppen, Gel\u00e4nder, Abschottungen, Rampen, Podeste, L\u00fcftungsplatten, Einbausteckdosen, \u2026<\/p>\n","protected":false},"author":2,"featured_media":1009,"parent":824,"menu_order":40,"comment_status":"closed","ping_status":"closed","template":"","meta":{"_et_pb_use_builder":"on","_et_pb_old_content":"","_et_gb_content_width":"","footnotes":""},"class_list":["post-841","page","type-page","status-publish","has-post-thumbnail","hentry"],"yoast_head":"<!-- This site is optimized with the Yoast SEO plugin v27.1.1 - https:\/\/yoast.com\/product\/yoast-seo-wordpress\/ -->\n<title>Raised Floor accessories | Kalthoff double floor GmbH<\/title>\n<meta name=\"description\" content=\"Here you will find an overview with high quality double floor accessories of Kalthoff Doppelboden GmbH from Hagen.\" \/>\n<meta name=\"robots\" content=\"index, follow, max-snippet:-1, max-image-preview:large, max-video-preview:-1\" \/>\n<link rel=\"canonical\" href=\"https:\/\/www.doppelboden.com\/produkte\/doppelboden-zubehoer\/\" \/>\n<meta property=\"og:locale\" content=\"en_US\" \/>\n<meta property=\"og:type\" content=\"article\" \/>\n<meta property=\"og:title\" content=\"Raised Floor accessories | Kalthoff double floor GmbH\" \/>\n<meta property=\"og:description\" content=\"Here you will find an overview with high quality double floor accessories of Kalthoff Doppelboden GmbH from Hagen.\" \/>\n<meta property=\"og:url\" content=\"https:\/\/www.doppelboden.com\/produkte\/doppelboden-zubehoer\/\" \/>\n<meta property=\"og:site_name\" content=\"Kalthoff GmbH | Doppelboden-Anlagen\" \/>\n<meta property=\"article:modified_time\" content=\"2026-03-05T10:36:29+00:00\" \/>\n<meta property=\"og:image\" content=\"https:\/\/www.doppelboden.com\/wp-content\/uploads\/2018\/02\/heber_fr_v.png\" \/>\n\t<meta property=\"og:image:width\" content=\"303\" \/>\n\t<meta property=\"og:image:height\" content=\"500\" \/>\n\t<meta property=\"og:image:type\" content=\"image\/png\" \/>\n<meta name=\"twitter:card\" content=\"summary_large_image\" \/>\n<meta name=\"twitter:label1\" content=\"Est. reading time\" \/>\n\t<meta name=\"twitter:data1\" content=\"5 minutes\" \/>\n<script type=\"application\/ld+json\" class=\"yoast-schema-graph\">{\"@context\":\"https:\/\/schema.org\",\"@graph\":[{\"@type\":\"WebPage\",\"@id\":\"https:\/\/www.doppelboden.com\/produkte\/doppelboden-zubehoer\/\",\"url\":\"https:\/\/www.doppelboden.com\/produkte\/doppelboden-zubehoer\/\",\"name\":\"Raised Floor accessories | Kalthoff double floor GmbH\",\"isPartOf\":{\"@id\":\"https:\/\/www.doppelboden.com\/#website\"},\"primaryImageOfPage\":{\"@id\":\"https:\/\/www.doppelboden.com\/produkte\/doppelboden-zubehoer\/#primaryimage\"},\"image\":{\"@id\":\"https:\/\/www.doppelboden.com\/produkte\/doppelboden-zubehoer\/#primaryimage\"},\"thumbnailUrl\":\"https:\/\/www.doppelboden.com\/wp-content\/uploads\/2018\/02\/heber_fr_v.png\",\"datePublished\":\"2017-11-28T19:33:33+00:00\",\"dateModified\":\"2026-03-05T10:36:29+00:00\",\"description\":\"Here you will find an overview with high quality double floor accessories of Kalthoff Doppelboden GmbH from Hagen.\",\"breadcrumb\":{\"@id\":\"https:\/\/www.doppelboden.com\/produkte\/doppelboden-zubehoer\/#breadcrumb\"},\"inLanguage\":\"en-US\",\"potentialAction\":[{\"@type\":\"ReadAction\",\"target\":[\"https:\/\/www.doppelboden.com\/produkte\/doppelboden-zubehoer\/\"]}]},{\"@type\":\"ImageObject\",\"inLanguage\":\"en-US\",\"@id\":\"https:\/\/www.doppelboden.com\/produkte\/doppelboden-zubehoer\/#primaryimage\",\"url\":\"https:\/\/www.doppelboden.com\/wp-content\/uploads\/2018\/02\/heber_fr_v.png\",\"contentUrl\":\"https:\/\/www.doppelboden.com\/wp-content\/uploads\/2018\/02\/heber_fr_v.png\",\"width\":303,\"height\":500},{\"@type\":\"BreadcrumbList\",\"@id\":\"https:\/\/www.doppelboden.com\/produkte\/doppelboden-zubehoer\/#breadcrumb\",\"itemListElement\":[{\"@type\":\"ListItem\",\"position\":1,\"name\":\"Startseite\",\"item\":\"https:\/\/www.doppelboden.com\/en\/home\/\"},{\"@type\":\"ListItem\",\"position\":2,\"name\":\"Products\",\"item\":\"https:\/\/www.doppelboden.com\/produkte\/\"},{\"@type\":\"ListItem\",\"position\":3,\"name\":\"RAISED FLOOR ACCESSORIES\"}]},{\"@type\":\"WebSite\",\"@id\":\"https:\/\/www.doppelboden.com\/#website\",\"url\":\"https:\/\/www.doppelboden.com\/\",\"name\":\"Kalthoff GmbH | Doppelboden-Anlagen\",\"description\":\"\",\"potentialAction\":[{\"@type\":\"SearchAction\",\"target\":{\"@type\":\"EntryPoint\",\"urlTemplate\":\"https:\/\/www.doppelboden.com\/?s={search_term_string}\"},\"query-input\":{\"@type\":\"PropertyValueSpecification\",\"valueRequired\":true,\"valueName\":\"search_term_string\"}}],\"inLanguage\":\"en-US\"}]}<\/script>\n<!-- \/ Yoast SEO plugin. -->","yoast_head_json":{"title":"Raised Floor accessories | Kalthoff double floor GmbH","description":"Here you will find an overview with high quality double floor accessories of Kalthoff Doppelboden GmbH from Hagen.","robots":{"index":"index","follow":"follow","max-snippet":"max-snippet:-1","max-image-preview":"max-image-preview:large","max-video-preview":"max-video-preview:-1"},"canonical":"https:\/\/www.doppelboden.com\/produkte\/doppelboden-zubehoer\/","og_locale":"en_US","og_type":"article","og_title":"Raised Floor accessories | Kalthoff double floor GmbH","og_description":"Here you will find an overview with high quality double floor accessories of Kalthoff Doppelboden GmbH from Hagen.","og_url":"https:\/\/www.doppelboden.com\/produkte\/doppelboden-zubehoer\/","og_site_name":"Kalthoff GmbH | Doppelboden-Anlagen","article_modified_time":"2026-03-05T10:36:29+00:00","og_image":[{"width":303,"height":500,"url":"https:\/\/www.doppelboden.com\/wp-content\/uploads\/2018\/02\/heber_fr_v.png","type":"image\/png"}],"twitter_card":"summary_large_image","twitter_misc":{"Est. reading time":"5 minutes"},"schema":{"@context":"https:\/\/schema.org","@graph":[{"@type":"WebPage","@id":"https:\/\/www.doppelboden.com\/produkte\/doppelboden-zubehoer\/","url":"https:\/\/www.doppelboden.com\/produkte\/doppelboden-zubehoer\/","name":"Raised Floor accessories | Kalthoff double floor GmbH","isPartOf":{"@id":"https:\/\/www.doppelboden.com\/#website"},"primaryImageOfPage":{"@id":"https:\/\/www.doppelboden.com\/produkte\/doppelboden-zubehoer\/#primaryimage"},"image":{"@id":"https:\/\/www.doppelboden.com\/produkte\/doppelboden-zubehoer\/#primaryimage"},"thumbnailUrl":"https:\/\/www.doppelboden.com\/wp-content\/uploads\/2018\/02\/heber_fr_v.png","datePublished":"2017-11-28T19:33:33+00:00","dateModified":"2026-03-05T10:36:29+00:00","description":"Here you will find an overview with high quality double floor accessories of Kalthoff Doppelboden GmbH from Hagen.","breadcrumb":{"@id":"https:\/\/www.doppelboden.com\/produkte\/doppelboden-zubehoer\/#breadcrumb"},"inLanguage":"en-US","potentialAction":[{"@type":"ReadAction","target":["https:\/\/www.doppelboden.com\/produkte\/doppelboden-zubehoer\/"]}]},{"@type":"ImageObject","inLanguage":"en-US","@id":"https:\/\/www.doppelboden.com\/produkte\/doppelboden-zubehoer\/#primaryimage","url":"https:\/\/www.doppelboden.com\/wp-content\/uploads\/2018\/02\/heber_fr_v.png","contentUrl":"https:\/\/www.doppelboden.com\/wp-content\/uploads\/2018\/02\/heber_fr_v.png","width":303,"height":500},{"@type":"BreadcrumbList","@id":"https:\/\/www.doppelboden.com\/produkte\/doppelboden-zubehoer\/#breadcrumb","itemListElement":[{"@type":"ListItem","position":1,"name":"Startseite","item":"https:\/\/www.doppelboden.com\/en\/home\/"},{"@type":"ListItem","position":2,"name":"Products","item":"https:\/\/www.doppelboden.com\/produkte\/"},{"@type":"ListItem","position":3,"name":"RAISED FLOOR ACCESSORIES"}]},{"@type":"WebSite","@id":"https:\/\/www.doppelboden.com\/#website","url":"https:\/\/www.doppelboden.com\/","name":"Kalthoff GmbH | Doppelboden-Anlagen","description":"","potentialAction":[{"@type":"SearchAction","target":{"@type":"EntryPoint","urlTemplate":"https:\/\/www.doppelboden.com\/?s={search_term_string}"},"query-input":{"@type":"PropertyValueSpecification","valueRequired":true,"valueName":"search_term_string"}}],"inLanguage":"en-US"}]}},"_links":{"self":[{"href":"https:\/\/www.doppelboden.com\/en\/wp-json\/wp\/v2\/pages\/841","targetHints":{"allow":["GET"]}}],"collection":[{"href":"https:\/\/www.doppelboden.com\/en\/wp-json\/wp\/v2\/pages"}],"about":[{"href":"https:\/\/www.doppelboden.com\/en\/wp-json\/wp\/v2\/types\/page"}],"author":[{"embeddable":true,"href":"https:\/\/www.doppelboden.com\/en\/wp-json\/wp\/v2\/users\/2"}],"replies":[{"embeddable":true,"href":"https:\/\/www.doppelboden.com\/en\/wp-json\/wp\/v2\/comments?post=841"}],"version-history":[{"count":5,"href":"https:\/\/www.doppelboden.com\/en\/wp-json\/wp\/v2\/pages\/841\/revisions"}],"predecessor-version":[{"id":920,"href":"https:\/\/www.doppelboden.com\/en\/wp-json\/wp\/v2\/pages\/841\/revisions\/920"}],"up":[{"embeddable":true,"href":"https:\/\/www.doppelboden.com\/en\/wp-json\/wp\/v2\/pages\/824"}],"wp:featuredmedia":[{"embeddable":true,"href":"https:\/\/www.doppelboden.com\/en\/wp-json\/wp\/v2\/media\/1009"}],"wp:attachment":[{"href":"https:\/\/www.doppelboden.com\/en\/wp-json\/wp\/v2\/media?parent=841"}],"curies":[{"name":"wp","href":"https:\/\/api.w.org\/{rel}","templated":true}]}}